{"id":35,"date":"2023-09-09T17:29:58","date_gmt":"2023-09-09T15:29:58","guid":{"rendered":"https:\/\/sspsteel.eu\/?page_id=35"},"modified":"2023-09-18T12:53:04","modified_gmt":"2023-09-18T10:53:04","slug":"fotos","status":"publish","type":"page","link":"https:\/\/sspsteel.eu\/pt\/fotos\/","title":{"rendered":"Fotos"},"content":{"rendered":"<div data-elementor-type=\"wp-page\" data-elementor-id=\"35\" class=\"elementor elementor-35\" data-elementor-settings=\"{&quot;ha_cmc_init_switcher&quot;:&quot;no&quot;}\" data-elementor-post-type=\"page\">\n\t\t\t\t<div class=\"elementor-element elementor-element-6adf4d62 e-flex e-con-boxed e-con e-parent\" data-id=\"6adf4d62\" data-element_type=\"container\" data-e-type=\"container\" data-settings=\"{&quot;_ha_eqh_enable&quot;:false}\">\n\t\t\t\t\t<div class=\"e-con-inner\">\n\t\t\t\t<div class=\"elementor-element elementor-element-5dd50335 elementor-widget elementor-widget-heading\" data-id=\"5dd50335\" data-element_type=\"widget\" data-e-type=\"widget\" data-widget_type=\"heading.default\">\n\t\t\t\t<div class=\"elementor-widget-container\">\n\t\t\t\t\t<h1 class=\"elementor-heading-title elementor-size-default\">Fotos<\/h1>\t\t\t\t<\/div>\n\t\t\t\t<\/div>\n\t\t\t\t<div class=\"elementor-element elementor-element-534a3595 elementor-widget elementor-widget-text-editor\" data-id=\"534a3595\" data-element_type=\"widget\" data-e-type=\"widget\" data-widget_type=\"text-editor.default\">\n\t\t\t\t<div class=\"elementor-widget-container\">\n\t\t\t\t\t\t\t\t\t<p>Steenbergen Produtos De A\u00e7o<\/p>\t\t\t\t\t\t\t\t<\/div>\n\t\t\t\t<\/div>\n\t\t\t\t\t<\/div>\n\t\t\t\t<\/div>\n\t\t<div class=\"elementor-element elementor-element-2eee5df e-con-full e-flex e-con e-parent\" data-id=\"2eee5df\" data-element_type=\"container\" data-e-type=\"container\" data-settings=\"{&quot;_ha_eqh_enable&quot;:false}\">\n\t\t\t\t<div class=\"elementor-element elementor-element-6e524c8c elementor-widget elementor-widget-gallery\" data-id=\"6e524c8c\" data-element_type=\"widget\" data-e-type=\"widget\" data-settings=\"{&quot;columns&quot;:3,&quot;gap&quot;:{&quot;unit&quot;:&quot;px&quot;,&quot;size&quot;:19,&quot;sizes&quot;:[]},&quot;lazyload&quot;:&quot;yes&quot;,&quot;gallery_layout&quot;:&quot;grid&quot;,&quot;columns_tablet&quot;:2,&quot;columns_mobile&quot;:1,&quot;gap_tablet&quot;:{&quot;unit&quot;:&quot;px&quot;,&quot;size&quot;:10,&quot;sizes&quot;:[]},&quot;gap_mobile&quot;:{&quot;unit&quot;:&quot;px&quot;,&quot;size&quot;:10,&quot;sizes&quot;:[]},&quot;aspect_ratio&quot;:&quot;3:2&quot;,&quot;overlay_background&quot;:&quot;yes&quot;,&quot;content_hover_animation&quot;:&quot;fade-in&quot;}\" data-widget_type=\"gallery.default\">\n\t\t\t\t<div class=\"elementor-widget-container\">\n\t\t\t\t\t\t\t<div class=\"elementor-gallery__container\">\n\t\t\t\t\t\t\t<div class=\"e-gallery-item elementor-gallery-item elementor-animated-content\">\n\t\t\t\t\t<div class=\"e-gallery-image elementor-gallery-item__image\" data-thumbnail=\"https:\/\/sspsteel.eu\/wp-content\/uploads\/2023\/09\/DJI_0675-e1746027230104.jpg\" data-width=\"800\" data-height=\"533\" aria-label=\"\" role=\"img\" ><\/div>\n\t\t\t\t\t\t\t\t\t\t\t<div class=\"elementor-gallery-item__overlay\"><\/div>\n\t\t\t\t\t\t\t\t\t\t\t\t\t\t<\/div>\n\t\t\t\t\t\t\t<div class=\"e-gallery-item elementor-gallery-item elementor-animated-content\">\n\t\t\t\t\t<div class=\"e-gallery-image elementor-gallery-item__image\" data-thumbnail=\"https:\/\/sspsteel.eu\/wp-content\/uploads\/2023\/09\/DJI_0676-e1746027290962.jpg\" data-width=\"800\" data-height=\"533\" aria-label=\"\" role=\"img\" ><\/div>\n\t\t\t\t\t\t\t\t\t\t\t<div class=\"elementor-gallery-item__overlay\"><\/div>\n\t\t\t\t\t\t\t\t\t\t\t\t\t\t<\/div>\n\t\t\t\t\t\t\t<div class=\"e-gallery-item elementor-gallery-item elementor-animated-content\">\n\t\t\t\t\t<div class=\"e-gallery-image elementor-gallery-item__image\" data-thumbnail=\"https:\/\/sspsteel.eu\/wp-content\/uploads\/2023\/09\/DSC07447-e1746027200149.jpg\" data-width=\"800\" data-height=\"534\" aria-label=\"\" role=\"img\" ><\/div>\n\t\t\t\t\t\t\t\t\t\t\t<div class=\"elementor-gallery-item__overlay\"><\/div>\n\t\t\t\t\t\t\t\t\t\t\t\t\t\t<\/div>\n\t\t\t\t\t\t\t<div class=\"e-gallery-item elementor-gallery-item elementor-animated-content\">\n\t\t\t\t\t<div class=\"e-gallery-image elementor-gallery-item__image\" data-thumbnail=\"https:\/\/sspsteel.eu\/wp-content\/uploads\/2023\/09\/DSC07436-e1746027170149.jpg\" data-width=\"800\" data-height=\"534\" aria-label=\"\" role=\"img\" ><\/div>\n\t\t\t\t\t\t\t\t\t\t\t<div class=\"elementor-gallery-item__overlay\"><\/div>\n\t\t\t\t\t\t\t\t\t\t\t\t\t\t<\/div>\n\t\t\t\t\t\t\t<div class=\"e-gallery-item elementor-gallery-item elementor-animated-content\">\n\t\t\t\t\t<div class=\"e-gallery-image elementor-gallery-item__image\" data-thumbnail=\"https:\/\/sspsteel.eu\/wp-content\/uploads\/2023\/09\/DSC07424-e1746027151591.jpg\" data-width=\"800\" data-height=\"534\" aria-label=\"\" role=\"img\" ><\/div>\n\t\t\t\t\t\t\t\t\t\t\t<div class=\"elementor-gallery-item__overlay\"><\/div>\n\t\t\t\t\t\t\t\t\t\t\t\t\t\t<\/div>\n\t\t\t\t\t\t\t<div class=\"e-gallery-item elementor-gallery-item elementor-animated-content\">\n\t\t\t\t\t<div class=\"e-gallery-image elementor-gallery-item__image\" data-thumbnail=\"https:\/\/sspsteel.eu\/wp-content\/uploads\/2023\/09\/DSC07386-e1746027092622.jpg\" data-width=\"800\" data-height=\"534\" aria-label=\"\" role=\"img\" ><\/div>\n\t\t\t\t\t\t\t\t\t\t\t<div class=\"elementor-gallery-item__overlay\"><\/div>\n\t\t\t\t\t\t\t\t\t\t\t\t\t\t<\/div>\n\t\t\t\t\t\t\t<div class=\"e-gallery-item elementor-gallery-item elementor-animated-content\">\n\t\t\t\t\t<div class=\"e-gallery-image elementor-gallery-item__image\" data-thumbnail=\"https:\/\/sspsteel.eu\/wp-content\/uploads\/2023\/09\/DSC07466.jpg\" data-width=\"800\" data-height=\"534\" aria-label=\"\" role=\"img\" ><\/div>\n\t\t\t\t\t\t\t\t\t\t\t<div class=\"elementor-gallery-item__overlay\"><\/div>\n\t\t\t\t\t\t\t\t\t\t\t\t\t\t<\/div>\n\t\t\t\t\t\t\t<div class=\"e-gallery-item elementor-gallery-item elementor-animated-content\">\n\t\t\t\t\t<div class=\"e-gallery-image elementor-gallery-item__image\" data-thumbnail=\"https:\/\/sspsteel.eu\/wp-content\/uploads\/2023\/09\/DSC07532-e1746025491903.jpg\" data-width=\"800\" data-height=\"534\" aria-label=\"Tubula\u00e7\u00f5es sem emenda de armazenamento SSP A\u00e7o\" role=\"img\" ><\/div>\n\t\t\t\t\t\t\t\t\t\t\t<div class=\"elementor-gallery-item__overlay\"><\/div>\n\t\t\t\t\t\t\t\t\t\t\t\t\t\t<\/div>\n\t\t\t\t\t\t\t<div class=\"e-gallery-item elementor-gallery-item elementor-animated-content\">\n\t\t\t\t\t<div class=\"e-gallery-image elementor-gallery-item__image\" data-thumbnail=\"https:\/\/sspsteel.eu\/wp-content\/uploads\/2023\/09\/DSC07512-e1746025364604.jpg\" data-width=\"800\" data-height=\"534\" aria-label=\"\" role=\"img\" ><\/div>\n\t\t\t\t\t\t\t\t\t\t\t<div class=\"elementor-gallery-item__overlay\"><\/div>\n\t\t\t\t\t\t\t\t\t\t\t\t\t\t<\/div>\n\t\t\t\t\t\t\t<div class=\"e-gallery-item elementor-gallery-item elementor-animated-content\">\n\t\t\t\t\t<div class=\"e-gallery-image elementor-gallery-item__image\" data-thumbnail=\"https:\/\/sspsteel.eu\/wp-content\/uploads\/2023\/09\/DSC07472.jpg\" data-width=\"800\" data-height=\"534\" aria-label=\"\" role=\"img\" ><\/div>\n\t\t\t\t\t\t\t\t\t\t\t<div class=\"elementor-gallery-item__overlay\"><\/div>\n\t\t\t\t\t\t\t\t\t\t\t\t\t\t<\/div>\n\t\t\t\t\t\t\t<div class=\"e-gallery-item elementor-gallery-item elementor-animated-content\">\n\t\t\t\t\t<div class=\"e-gallery-image elementor-gallery-item__image\" data-thumbnail=\"https:\/\/sspsteel.eu\/wp-content\/uploads\/2023\/09\/DJI_0700-e1746025680550.jpg\" data-width=\"800\" data-height=\"533\" aria-label=\"\" role=\"img\" ><\/div>\n\t\t\t\t\t\t\t\t\t\t\t<div class=\"elementor-gallery-item__overlay\"><\/div>\n\t\t\t\t\t\t\t\t\t\t\t\t\t\t<\/div>\n\t\t\t\t\t\t\t<div class=\"e-gallery-item elementor-gallery-item elementor-animated-content\">\n\t\t\t\t\t<div class=\"e-gallery-image elementor-gallery-item__image\" data-thumbnail=\"https:\/\/sspsteel.eu\/wp-content\/uploads\/2023\/09\/DJI_0709-e1746025994725.jpg\" data-width=\"800\" data-height=\"533\" aria-label=\"\" role=\"img\" ><\/div>\n\t\t\t\t\t\t\t\t\t\t\t<div class=\"elementor-gallery-item__overlay\"><\/div>\n\t\t\t\t\t\t\t\t\t\t\t\t\t\t<\/div>\n\t\t\t\t\t\t\t<div class=\"e-gallery-item elementor-gallery-item elementor-animated-content\">\n\t\t\t\t\t<div class=\"e-gallery-image elementor-gallery-item__image\" data-thumbnail=\"https:\/\/sspsteel.eu\/wp-content\/uploads\/2023\/09\/DSC07389-e1746027108773.jpg\" data-width=\"800\" data-height=\"534\" aria-label=\"\" role=\"img\" ><\/div>\n\t\t\t\t\t\t\t\t\t\t\t<div class=\"elementor-gallery-item__overlay\"><\/div>\n\t\t\t\t\t\t\t\t\t\t\t\t\t\t<\/div>\n\t\t\t\t\t\t\t<div class=\"e-gallery-item elementor-gallery-item elementor-animated-content\">\n\t\t\t\t\t<div class=\"e-gallery-image elementor-gallery-item__image\" data-thumbnail=\"https:\/\/sspsteel.eu\/wp-content\/uploads\/2023\/09\/DSC07412-e1746027121719.jpg\" data-width=\"800\" data-height=\"534\" aria-label=\"\" role=\"img\" ><\/div>\n\t\t\t\t\t\t\t\t\t\t\t<div class=\"elementor-gallery-item__overlay\"><\/div>\n\t\t\t\t\t\t\t\t\t\t\t\t\t\t<\/div>\n\t\t\t\t\t<\/div>\n\t\t\t\t\t<\/div>\n\t\t\t\t<\/div>\n\t\t\t\t<\/div>\n\t\t<div class=\"elementor-element elementor-element-5692b28 e-con-full e-flex e-con e-parent\" data-id=\"5692b28\" data-element_type=\"container\" data-e-type=\"container\" data-settings=\"{&quot;_ha_eqh_enable&quot;:false}\">\n\t\t<div class=\"elementor-element elementor-element-34ced1e8 e-con-full e-flex e-con e-child\" data-id=\"34ced1e8\" data-element_type=\"container\" data-e-type=\"container\" data-settings=\"{&quot;_ha_eqh_enable&quot;:false}\">\n\t\t\t\t<div class=\"elementor-element elementor-element-474dd60a elementor-widget elementor-widget-image\" data-id=\"474dd60a\" data-element_type=\"widget\" data-e-type=\"widget\" data-widget_type=\"image.default\">\n\t\t\t\t<div class=\"elementor-widget-container\">\n\t\t\t\t\t\t\t\t\t\t\t\t\t\t\t<img decoding=\"async\" data-attachment-id=\"739\" data-permalink=\"https:\/\/sspsteel.eu\/pt\/dji_0678\/\" data-orig-file=\"https:\/\/sspsteel.eu\/wp-content\/uploads\/2023\/09\/DJI_0678-e1746026142759.jpg\" data-orig-size=\"1600,1066\" data-comments-opened=\"1\" data-image-meta=\"{&quot;aperture&quot;:&quot;2.8&quot;,&quot;credit&quot;:&quot;&quot;,&quot;camera&quot;:&quot;FC3411&quot;,&quot;caption&quot;:&quot;&quot;,&quot;created_timestamp&quot;:&quot;1651665600&quot;,&quot;copyright&quot;:&quot;&quot;,&quot;focal_length&quot;:&quot;8.38&quot;,&quot;iso&quot;:&quot;100&quot;,&quot;shutter_speed&quot;:&quot;0.005&quot;,&quot;title&quot;:&quot;&quot;,&quot;orientation&quot;:&quot;0&quot;}\" data-image-title=\"DJI_0678\" data-image-description=\"\" data-image-caption=\"\" data-large-file=\"https:\/\/sspsteel.eu\/wp-content\/uploads\/2023\/09\/DJI_0678-e1746026142759.jpg\" width=\"800\" height=\"533\" data-src=\"https:\/\/sspsteel.eu\/wp-content\/uploads\/2023\/09\/DJI_0678-e1746026142759.jpg\" class=\"attachment-large size-large wp-image-739 lazyload\" alt=\"\" src=\"data:image\/svg+xml;base64,PHN2ZyB3aWR0aD0iMSIgaGVpZ2h0PSIxIiB4bWxucz0iaHR0cDovL3d3dy53My5vcmcvMjAwMC9zdmciPjwvc3ZnPg==\" style=\"--smush-placeholder-width: 800px; --smush-placeholder-aspect-ratio: 800\/533;\" \/>\t\t\t\t\t\t\t\t\t\t\t\t\t\t\t<\/div>\n\t\t\t\t<\/div>\n\t\t\t\t<\/div>\n\t\t<div class=\"elementor-element elementor-element-4652334c e-con-full e-flex e-con e-child\" data-id=\"4652334c\" data-element_type=\"container\" data-e-type=\"container\" data-settings=\"{&quot;_ha_eqh_enable&quot;:false}\">\n\t\t\t\t<div class=\"elementor-element elementor-element-45bc81af elementor-widget elementor-widget-heading\" data-id=\"45bc81af\" data-element_type=\"widget\" data-e-type=\"widget\" data-widget_type=\"heading.default\">\n\t\t\t\t<div class=\"elementor-widget-container\">\n\t\t\t\t\t<h3 class=\"elementor-heading-title elementor-size-default\">Pedir Um Or\u00e7amento?<\/h3>\t\t\t\t<\/div>\n\t\t\t\t<\/div>\n\t\t\t\t<div class=\"elementor-element elementor-element-52ef3f14 elementor-widget elementor-widget-text-editor\" data-id=\"52ef3f14\" data-element_type=\"widget\" data-e-type=\"widget\" data-widget_type=\"text-editor.default\">\n\t\t\t\t<div class=\"elementor-widget-container\">\n\t\t\t\t\t\t\t\t\t<p class=\"translation-block\">Solicite agora o seu or\u00e7amento em 5 minutos.<br>Ent\u00e3o entraremos em contacto consigo dentro de <a href=\"https:\/\/sspsteel.eu\/it\/contact\/\" target=\"_self\">24 horas<\/a>.<\/p>\t\t\t\t\t\t\t\t<\/div>\n\t\t\t\t<\/div>\n\t\t\t\t<div class=\"elementor-element elementor-element-6ac476de elementor-mobile-align-center elementor-tablet-align-center elementor-widget elementor-widget-button\" data-id=\"6ac476de\" data-element_type=\"widget\" data-e-type=\"widget\" data-widget_type=\"button.default\">\n\t\t\t\t<div class=\"elementor-widget-container\">\n\t\t\t\t\t\t\t\t\t<div class=\"elementor-button-wrapper\">\n\t\t\t\t\t<a class=\"elementor-button elementor-button-link elementor-size-sm\" href=\"https:\/\/sspsteel.eu\/pt\/contact\/offerte-aanvragen\/\">\n\t\t\t\t\t\t<span class=\"elementor-button-content-wrapper\">\n\t\t\t\t\t\t\t\t\t<span class=\"elementor-button-text\">Pedir Um Or\u00e7amento<\/span>\n\t\t\t\t\t<\/span>\n\t\t\t\t\t<\/a>\n\t\t\t\t<\/div>\n\t\t\t\t\t\t\t\t<\/div>\n\t\t\t\t<\/div>\n\t\t\t\t<\/div>\n\t\t\t\t<\/div>\n\t\t\t\t<\/div>","protected":false},"excerpt":{"rendered":"<p>Foto&#8217;s Steenbergen Steel Products Offerte Aanvragen? Vraag nu uw offerte aan binnen 5 minuten.Wij nemen vervolgens binnen 24 uur contact met u op.&nbsp; Offerte Aanvragen<\/p>","protected":false},"author":234943284,"featured_media":0,"parent":0,"menu_order":0,"comment_status":"closed","ping_status":"closed","template":"elementor_header_footer","meta":{"_crdt_document":"","jetpack_post_was_ever_published":false,"rank_math_title":"","rank_math_description":"","rank_math_focus_keyword":"","rank_math_robots":null,"footnotes":""},"class_list":["post-35","page","type-page","status-publish","hentry"],"jetpack_likes_enabled":true,"jetpack_sharing_enabled":true,"jetpack_shortlink":"https:\/\/wp.me\/Pf6ANV-z","jetpack-related-posts":[{"id":97,"url":"https:\/\/sspsteel.eu\/pt\/wie-we-zijn\/algemene-voorwaarden\/","url_meta":{"origin":35,"position":0},"title":"Termos E Condi\u00e7\u00f5es","author":"ovidiusmarketingbv","date":"Setembro 9, 2023","format":false,"excerpt":"ALGEMENE VOORWAARDEN 1.\u00a0 STEENBERGEN\u00a0 STEEL PRODUCTS B.V.\u00a0 Deze algemene voorwaarden zijn van toepassing op alle aan\u00a0biedingen, offertes, overeenkomsten en leveringen van Steenbergen Steel Products, tenzij de algemene voorwaarden geheel of\u00a0\u00a0 \u00a0 \u00a0 1 Steenbergen Steel Products B.V. is een besloten vennootschap naar Nederlands recht, gevestigd te (7908 VE) Hoogeveen aan\u2026","rel":"","context":"Similar post","block_context":{"text":"Similar post","link":""},"img":{"alt_text":"","src":"","width":0,"height":0},"classes":[]},{"id":2342,"url":"https:\/\/sspsteel.eu\/pt\/privacy-verklaring\/","url_meta":{"origin":35,"position":1},"title":"Declara\u00e7\u00e3o De Privacidade","author":"ovidiusmarketingbv","date":"Abril 5, 2024","format":false,"excerpt":"Privacyverklaring van Steenbergen Steel Products B.V. Laatste update: [05-04-24] Bij Steenbergen Steel Products B.V. Bij SSP, zijn we toegewijd aan het beschermen van de privacy en veiligheid van de persoonsgegevens die wij verzamelen van onze klanten, leveranciers en partners. Deze privacyverklaring beschrijft hoe wij persoonsgegevens verzamelen, gebruiken, delen en beschermen\u2026","rel":"","context":"Similar post","block_context":{"text":"Similar post","link":""},"img":{"alt_text":"","src":"","width":0,"height":0},"classes":[]},{"id":93,"url":"https:\/\/sspsteel.eu\/pt\/wie-we-zijn\/","url_meta":{"origin":35,"position":2},"title":"Quem Somos","author":"ovidiusmarketingbv","date":"Setembro 9, 2023","format":false,"excerpt":"SSP STEEL Wie We Zijn Meer dan staal. Bekijk Onze Blog Gestroomlijnd Proces Ons proces is opgesteld om uw project op een simpele, maar effeci\u00ebnte manier aan te pakken. Een proces dat werkt. Ons Proces Team Ons Team van 20+ experts staan altijd klaar voor nieuwe uitdagingen. Alles is mogelijk\u2026","rel":"","context":"Similar post","block_context":{"text":"Similar post","link":""},"img":{"alt_text":"","src":"https:\/\/i0.wp.com\/sspsteel.eu\/wp-content\/uploads\/2023\/11\/9.png?resize=350%2C200&ssl=1","width":350,"height":200},"classes":[]},{"id":7925,"url":"https:\/\/sspsteel.eu\/pt\/welded-steel-pipes-2\/","url_meta":{"origin":35,"position":3},"title":"Welded Steel Pipes","author":"OvidiusAPI","date":"Novembro 4, 2024","format":false,"excerpt":"Gelaste Stalen Buizen van SSP Steel Wat zijn Gelaste Stalen Buizen? Gelaste stalen buizen zijn een essentieel onderdeel in verschillende industri\u00eble en constructietoepassingen. Deze buizen worden vervaardigd door het samenvoegen van stalen platen of strips door middel van lassen, wat resulteert in een sterke en duurzame buis. Bij SSP Steel\u2026","rel":"","context":"Similar post","block_context":{"text":"Similar post","link":""},"img":{"alt_text":"","src":"","width":0,"height":0},"classes":[]},{"id":7933,"url":"https:\/\/sspsteel.eu\/pt\/rectangular-steel-box-section\/","url_meta":{"origin":35,"position":4},"title":"Rectangular steel box section","author":"OvidiusAPI","date":"Novembro 4, 2024","format":false,"excerpt":"Rechthoekige Koker Staal: De Perfecte Oplossing voor Uw Bouw- en Industri\u00eble Projecten Wat zijn rechthoekige kokers van staal? Rechthoekige koker staal, ook wel bekend als rechthoekige stalen buis, is een veelzijdig bouwmateriaal dat veel wordt gebruikt in de bouw en industrie. Deze stalen kokers zijn verkrijgbaar in diverse afmetingen en\u2026","rel":"","context":"Similar post","block_context":{"text":"Similar post","link":""},"img":{"alt_text":"","src":"","width":0,"height":0},"classes":[]},{"id":7952,"url":"https:\/\/sspsteel.eu\/pt\/steel-box-sections\/","url_meta":{"origin":35,"position":5},"title":"Steel box sections","author":"OvidiusAPI","date":"Novembro 4, 2024","format":false,"excerpt":"Stalen Kokers: Kwaliteit en Maatwerk van SSP Steel Stalen Kokers: Kwaliteit en Maatwerk van SSP Steel Wat zijn stalen kokers? Stalen kokers, ook wel bekend als kokerprofielen, zijn veelzijdige bouwmaterialen die veel worden gebruikt in de constructie- en machinebouw. Ze zijn verkrijgbaar in verschillende vormen, zoals vierkant en rechthoekig, en\u2026","rel":"","context":"Similar post","block_context":{"text":"Similar post","link":""},"img":{"alt_text":"","src":"","width":0,"height":0},"classes":[]}],"_links":{"self":[{"href":"https:\/\/sspsteel.eu\/pt\/wp-json\/wp\/v2\/pages\/35","targetHints":{"allow":["GET"]}}],"collection":[{"href":"https:\/\/sspsteel.eu\/pt\/wp-json\/wp\/v2\/pages"}],"about":[{"href":"https:\/\/sspsteel.eu\/pt\/wp-json\/wp\/v2\/types\/page"}],"author":[{"embeddable":true,"href":"https:\/\/sspsteel.eu\/pt\/wp-json\/wp\/v2\/users\/234943284"}],"replies":[{"embeddable":true,"href":"https:\/\/sspsteel.eu\/pt\/wp-json\/wp\/v2\/comments?post=35"}],"version-history":[{"count":17,"href":"https:\/\/sspsteel.eu\/pt\/wp-json\/wp\/v2\/pages\/35\/revisions"}],"predecessor-version":[{"id":781,"href":"https:\/\/sspsteel.eu\/pt\/wp-json\/wp\/v2\/pages\/35\/revisions\/781"}],"wp:attachment":[{"href":"https:\/\/sspsteel.eu\/pt\/wp-json\/wp\/v2\/media?parent=35"}],"curies":[{"name":"wp","href":"https:\/\/api.w.org\/{rel}","templated":true}]}}