{"id":7369,"date":"2024-08-22T12:37:22","date_gmt":"2024-08-22T10:37:22","guid":{"rendered":"https:\/\/sspsteel.eu\/?page_id=7369"},"modified":"2024-08-22T12:38:19","modified_gmt":"2024-08-22T10:38:19","slug":"stalen-buis-met-een-diameter-van-o-250-mm","status":"publish","type":"page","link":"https:\/\/sspsteel.eu\/nb\/stalen-buis-met-een-diameter-van-o-250-mm\/","title":{"rendered":"St\u00e5l r\u00f8r med en diameter p\u00e5 \u00d8 250 mm"},"content":{"rendered":"<div data-elementor-type=\"wp-page\" data-elementor-id=\"7369\" class=\"elementor elementor-7369\" data-elementor-settings=\"{&quot;ha_cmc_init_switcher&quot;:&quot;no&quot;}\" data-elementor-post-type=\"page\">\n\t\t\t\t\t\t<section class=\"elementor-section elementor-top-section elementor-element elementor-element-b450bb2 elementor-section-boxed elementor-section-height-default elementor-section-height-default\" data-id=\"b450bb2\" data-element_type=\"section\" data-e-type=\"section\" data-settings=\"{&quot;background_background&quot;:&quot;classic&quot;,&quot;_ha_eqh_enable&quot;:false}\">\n\t\t\t\t\t\t<div class=\"elementor-container elementor-column-gap-no\">\n\t\t\t\t\t<div class=\"elementor-column elementor-col-100 elementor-top-column elementor-element elementor-element-71702f\" data-id=\"71702f\" data-element_type=\"column\" data-e-type=\"column\">\n\t\t\t<div class=\"elementor-widget-wrap elementor-element-populated\">\n\t\t\t\t\t\t<section class=\"elementor-section elementor-inner-section elementor-element elementor-element-14f5a9ba elementor-section-boxed elementor-section-height-default elementor-section-height-default\" data-id=\"14f5a9ba\" data-element_type=\"section\" data-e-type=\"section\" data-settings=\"{&quot;_ha_eqh_enable&quot;:false}\">\n\t\t\t\t\t\t<div class=\"elementor-container elementor-column-gap-default\">\n\t\t\t\t\t<div class=\"elementor-column elementor-col-100 elementor-inner-column elementor-element elementor-element-13ebc589\" data-id=\"13ebc589\" data-element_type=\"column\" data-e-type=\"column\">\n\t\t\t<div class=\"elementor-widget-wrap elementor-element-populated\">\n\t\t\t\t\t\t<div class=\"elementor-element elementor-element-76547d1d elementor-widget elementor-widget-elementskit-heading\" data-id=\"76547d1d\" data-element_type=\"widget\" data-e-type=\"widget\" data-widget_type=\"elementskit-heading.default\">\n\t\t\t\t<div class=\"elementor-widget-container\">\n\t\t\t\t\t<div class=\"ekit-wid-con\" ><div class=\"ekit-heading elementskit-section-title-wraper center   ekit_heading_tablet-   ekit_heading_mobile-\"><h1 class=\"ekit-heading--title elementskit-section-title\">St\u00e5l r\u00f8r med en diameter p\u00e5 \u00d8 250 mm<\/h1><\/div><\/div>\t\t\t\t<\/div>\n\t\t\t\t<\/div>\n\t\t\t\t\t<\/div>\n\t\t<\/div>\n\t\t\t\t\t<\/div>\n\t\t<\/section>\n\t\t\t\t\t<\/div>\n\t\t<\/div>\n\t\t\t\t\t<\/div>\n\t\t<\/section>\n\t\t<div class=\"elementor-element elementor-element-52030483 e-flex e-con-boxed e-con e-parent\" data-id=\"52030483\" data-element_type=\"container\" data-e-type=\"container\" data-settings=\"{&quot;_ha_eqh_enable&quot;:false}\">\n\t\t\t\t\t<div class=\"e-con-inner\">\n\t\t\t\t<div class=\"elementor-element elementor-element-7bc5f150 elementor-widget elementor-widget-text-editor\" data-id=\"7bc5f150\" data-element_type=\"widget\" data-e-type=\"widget\" data-widget_type=\"text-editor.default\">\n\t\t\t\t<div class=\"elementor-widget-container\">\n\t\t\t\t\t\t\t\t\t\n<h2 class=\"wp-block-heading\"><strong>St\u00e5lr\u00f8r av h\u00f8y kvalitet til dine prosjekter<\/strong><\/h2>\n\n\n\n<p class=\"wp-block-paragraph\">Hos SSP Steel forst\u00e5r vi at hvert prosjekt har unike krav. Det er derfor <a href=\"https:\/\/sspsteel.eu\/nb\/stalen-buizen\/\">tilbyr vi st\u00e5lr\u00f8r med en<\/a> diameter p\u00e5 \u00d8250 mm som oppfyller de h\u00f8yeste kvalitetsstandarder og er perfekte for ulike bruksomr\u00e5der innen bygg og anlegg, industri og infrastruktur.<\/p>\n\n\n\n<h3 class=\"wp-block-heading\"><strong>Hvorfor velge SSP Steel?<\/strong><\/h3>\n\n\n\n<h4 class=\"wp-block-heading\"><strong>Kompetanse og erfaring<\/strong><\/h4>\n\n\n\n<p class=\"wp-block-paragraph\">Med mer enn 25 \u00e5rs erfaring i st\u00e5lindustrien er vi din p\u00e5litelige partner n\u00e5r det gjelder st\u00e5lr\u00f8r av h\u00f8y kvalitet. V\u00e5r ekspertise og kvalitetsforpliktelse sikrer at du alltid f\u00e5r de beste produktene og l\u00f8sningene.<\/p>\n\n\n\n<h4 class=\"wp-block-heading\"><strong>Kvalitet og presisjon<\/strong><\/h4>\n\n\n\n<p class=\"wp-block-paragraph\">St\u00e5lr\u00f8rene v\u00e5re er produsert med den st\u00f8rste presisjon og oppmerksomhet p\u00e5 detaljer. Vi garanterer at hvert r\u00f8r oppfyller de strengeste kvalitetsstandarder, slik at du kan bygge trygt.<\/p>\n\n\n\n<h4 class=\"wp-block-heading\"><strong>Tilpassede l\u00f8sninger<\/strong><\/h4>\n\n\n\n<p class=\"wp-block-paragraph\">Hos SSP Steel tilbyr vi omfattende tilpasningsmuligheter. Enten du trenger r\u00f8r som er kappet i bestemte lengder, sveiset, tromlet eller utstyrt med flenser og borepunkter, har vi ekspertisen som skal til for \u00e5 oppfylle dine unike prosjektbehov.<\/p>\n\n\n\n<h3 class=\"wp-block-heading\"><strong>Spesifikasjoner for v\u00e5re \u00d8 250 mm st\u00e5lr\u00f8r<\/strong><\/h3>\n\n\n\n<ul class=\"wp-block-list\">\n<li><strong>Diameter:<\/strong> 250 millimeter (DN 250)<\/li>\n\n\n\n<li><strong>Veggtykkelser:<\/strong> Spenner mellom 1,0 og 36,0 mm<\/li>\n\n\n\n<li><strong>Lengder:<\/strong> Ulike lengder tilgjengelig<\/li>\n\n\n\n<li><strong>Materiale:<\/strong> St\u00e5l av h\u00f8y kvalitet<\/li>\n\n\n\n<li><strong>Tilpasning:<\/strong> Sveising, saging, tr\u00e5kking, flenset eller boret spiss<\/li>\n<\/ul>\n\n\n\n<h3 class=\"wp-block-heading\"><strong>Bruksomr\u00e5der<\/strong><\/h3>\n\n\n\n<p class=\"wp-block-paragraph\">V\u00e5re \u00d8250 mm st\u00e5lr\u00f8r er allsidige og egner seg til et bredt spekter av bruksomr\u00e5der:<\/p>\n\n\n\n<ul class=\"wp-block-list\">\n<li><strong>Industriell bruk:<\/strong> Ideell for industrielle st\u00f8vavsugssystemer og andre industrielle bruksomr\u00e5der.<\/li>\n\n\n\n<li><strong>Bygg og anlegg:<\/strong> Mye brukt i byggeprosjekter, infrastruktur, fundamenter og drivhuskonstruksjoner.<\/li>\n\n\n\n<li><strong>Spesifikke prosjekter:<\/strong> Kan tilpasses spesifikke prosjektbehov ved hjelp av tilpasningsmuligheter som sveising, saging og tr\u00e5kking.<\/li>\n<\/ul>\n\n\n\n<h3 class=\"wp-block-heading\"><strong>V\u00e5re unike fordeler<\/strong><\/h3>\n\n\n\n<h4 class=\"wp-block-heading\"><strong>Omfattende lager<\/strong><\/h4>\n\n\n\n<p class=\"wp-block-paragraph\">Med et stort lager p\u00e5 40 000 tonn st\u00e5lr\u00f8r kan vi levere raskt og effektivt. Du trenger aldri \u00e5 vente lenge p\u00e5 materialene du trenger.<\/p>\n\n\n\n<h4 class=\"wp-block-heading\"><strong>Rask levering<\/strong><\/h4>\n\n\n\n<p class=\"wp-block-paragraph\">Takket v\u00e6re v\u00e5r strategiske beliggenhet og effektive logistikk kan vi garantere rask levering. Vi har direkte forbindelser til jernbane, motorveier og dypt vann.<\/p>\n\n\n\n<h4 class=\"wp-block-heading\"><strong>Konkurransedyktig prising<\/strong><\/h4>\n\n\n\n<p class=\"wp-block-paragraph\">Vi tilbyr konkurransedyktige priser uten \u00e5 g\u00e5 p\u00e5 kompromiss med kvaliteten. V\u00e5re effektive prosesser og mange \u00e5rs erfaring gj\u00f8r at vi kan tilby kostnadseffektive l\u00f8sninger.<\/p>\n\n\n\n<h3 class=\"wp-block-heading\"><strong>Kundetilfredshet og partnerskap<\/strong><\/h3>\n\n\n\n<p class=\"wp-block-paragraph\">Hos SSP Steel er kundetilfredshet det aller viktigste. Vi tror p\u00e5 partnerskap med kundene v\u00e5re og tilbyr ekspertr\u00e5d og skreddersydde l\u00f8sninger. V\u00e5rt vennlige og hjelpsomme team st\u00e5r alltid klar til \u00e5 hjelpe deg.<\/p>\n\n\n\n<h3 class=\"wp-block-heading\"><strong>Kontakt oss<\/strong><\/h3>\n\n\n\n<p class=\"wp-block-paragraph\">Har du sp\u00f8rsm\u00e5l eller \u00f8nsker du \u00e5 be om et tilbud? <a href=\"https:\/\/sspsteel.eu\/nb\/contact\/\">S\u00e5 ta kontakt med oss<\/a> p\u00e5. V\u00e5rt ekspertteam st\u00e5r klare til \u00e5 hjelpe deg med alle dine st\u00e5lbehov.<\/p>\n\n\n\n<ul class=\"wp-block-list\">\n<li><strong>Telefon:<\/strong> +31 6 22669884<\/li>\n\n\n\n<li><strong>E-post:<\/strong> info@sspsteel.eu<\/li>\n\n\n\n<li><strong>\u00c5pningstider:<\/strong> Mandag til fredag, 8 \u2013 00-17: 00<\/li>\n<\/ul>\n\n\n\n<h3 class=\"wp-block-heading\"><strong>Ofte stilte sp\u00f8rsm\u00e5l<\/strong><\/h3>\n\n\n\n<p class=\"wp-block-paragraph\"><strong>Hvilke veggtykkelser er tilgjengelige for \u00d8250 mm st\u00e5lr\u00f8r?<\/strong>V\u00e5re \u00d8 250 mm st\u00e5lr\u00f8r er tilgjengelige i veggtykkelser fra 1,0 til 36,0 mm.<\/p>\n\n\n\n<p class=\"wp-block-paragraph\"><strong>Tilbyr SSP Steel muligheter for spesialtilpasning?<\/strong> Ja, vi tilbyr omfattende tilpasningsmuligheter som sveising, saging, tromping, flenser og borepunkter.<\/p>\n\n\n\n<p class=\"wp-block-paragraph\"><strong>Hvor raskt kan jeg motta bestillingen min?<\/strong> Takk til v\u00e5r strategiske posisjon og effektiv logistikk, vi kan garantere deg rask levering. Vennligst kontakt oss for spesifikke leveringstid.<\/p>\n\n\n\n<p class=\"wp-block-paragraph\"><strong>Hva er bruksomr\u00e5dene for \u00d8250 mm st\u00e5lr\u00f8r?<\/strong> V\u00e5re \u00d8 250 mm st\u00e5lr\u00f8r egner seg til industrielle st\u00f8vavsugssystemer, byggeprosjekter, infrastruktur, fundamenter og drivhuskonstruksjoner.<\/p>\n\n\n\n<p class=\"wp-block-paragraph\"><strong>Hvordan kan jeg be om et tilbud?<\/strong> Du kan <a href=\"https:\/\/sspsteel.eu\/nb\/contact\/offerte-aanvragen\/\">bare be om et tilbud ved \u00e5 kontakte<\/a> kontakt oss p\u00e5 telefon eller e-post. V\u00e5rt team st\u00e5r klare til \u00e5 hjelpe deg.<\/p>\n\n\n\n<h3 class=\"wp-block-heading\"><strong>Konklusjon<\/strong><\/h3>\n\n\n\n<p class=\"wp-block-paragraph\">Hos SSP Steel tilbyr vi \u00d8250 mm st\u00e5lr\u00f8r av h\u00f8y kvalitet som oppfyller de h\u00f8yeste kvalitetsstandarder. Med v\u00e5re omfattende tilpasningsmuligheter, raske leveranser og konkurransedyktige priser er vi din ideelle partner for alle dine st\u00e5lbehov. Kontakt oss i dag og finn ut hvordan vi kan hjelpe deg med ditt neste prosjekt.<\/p>\n\t\t\t\t\t\t\t\t<\/div>\n\t\t\t\t<\/div>\n\t\t\t\t\t<\/div>\n\t\t\t\t<\/div>\n\t\t\t\t<\/div>","protected":false},"excerpt":{"rendered":"<p>Stalen buis met een diameter van \u00d8 250 mm Hoogwaardige Stalen Buizen voor Uw Projecten Bij SSP Steel begrijpen we dat elk project unieke eisen stelt. Daarom bieden wij stalen buizen met een diameter van \u00d8 250 mm die voldoen aan de hoogste kwaliteitsnormen en perfect zijn voor diverse toepassingen in de bouw, industrie en [&hellip;]<\/p>\n","protected":false},"author":234943284,"featured_media":0,"parent":0,"menu_order":0,"comment_status":"closed","ping_status":"closed","template":"elementor_header_footer","meta":{"_crdt_document":"","jetpack_post_was_ever_published":false,"rank_math_title":"","rank_math_description":"","rank_math_focus_keyword":"","rank_math_robots":"","footnotes":""},"class_list":["post-7369","page","type-page","status-publish","hentry"],"jetpack_likes_enabled":true,"jetpack_sharing_enabled":true,"jetpack_shortlink":"https:\/\/wp.me\/Pf6ANV-1UR","jetpack-related-posts":[{"id":21,"url":"https:\/\/sspsteel.eu\/nb\/","url_meta":{"origin":7369,"position":0},"title":"Stalen Buizen \u2013 Hoogwaardige Buizen van SSP Steel","author":"ovidiusmarketingbv","date":"mars 5, 2025","format":false,"excerpt":"Producent en Leverancier van Stalen Buizen Precisie in elke buis, passie in elk project. Vraag een vrijblijvende offerte aan voor stalen\u00a0buizen constructiebuizen naadloze\u00a0buizen boorpalen buizen\u00a0met\u00a0conservering schroefinjectiepalen gegalvaniseerde\u00a0buizen gezaagd\u00a0en\u00a0getrompte\u00a0buizen Offerte Aanvragen Offerte Aanvragen UwJuiste Partner voor Stalen Buizen SSP is gespecialiseert in stalen producten. Van constructiebuizen tot gezaagde oplossingen en maatwerk\u2026","rel":"","context":"Liknende innlegg","block_context":{"text":"Liknende innlegg","link":""},"img":{"alt_text":"","src":"https:\/\/i0.wp.com\/sspsteel.eu\/wp-content\/uploads\/2023\/09\/DSC07472.jpg?resize=350%2C200&ssl=1","width":350,"height":200,"srcset":"https:\/\/i0.wp.com\/sspsteel.eu\/wp-content\/uploads\/2023\/09\/DSC07472.jpg?resize=350%2C200&ssl=1 1x, https:\/\/i0.wp.com\/sspsteel.eu\/wp-content\/uploads\/2023\/09\/DSC07472.jpg?resize=525%2C300&ssl=1 1.5x, https:\/\/i0.wp.com\/sspsteel.eu\/wp-content\/uploads\/2023\/09\/DSC07472.jpg?resize=700%2C400&ssl=1 2x, https:\/\/i0.wp.com\/sspsteel.eu\/wp-content\/uploads\/2023\/09\/DSC07472.jpg?resize=1050%2C600&ssl=1 3x, https:\/\/i0.wp.com\/sspsteel.eu\/wp-content\/uploads\/2023\/09\/DSC07472.jpg?resize=1400%2C800&ssl=1 4x"},"classes":[]},{"id":7331,"url":"https:\/\/sspsteel.eu\/nb\/stalen-buis-met-een-diameter-van-o-60-mm\/","url_meta":{"origin":7369,"position":1},"title":"St\u00e5l r\u00f8r med en diameter p\u00e5 \u00d8 60 mm","author":"ovidiusmarketingbv","date":"august 22, 2024","format":false,"excerpt":"Stalen buis met een diameter van \u00d8 60 mm Hoogwaardige Stalen Buizen voor Uw Projecten Bij SSP Steel begrijpen we dat elk project unieke eisen stelt. Daarom bieden wij stalen buizen met een diameter van \u00d8 60 mm die voldoen aan de hoogste kwaliteitsnormen en volledig op maat gemaakt kunnen\u2026","rel":"","context":"Liknende innlegg","block_context":{"text":"Liknende innlegg","link":""},"img":{"alt_text":"","src":"","width":0,"height":0},"classes":[]},{"id":7319,"url":"https:\/\/sspsteel.eu\/nb\/stalen-buis-met-een-diameter-van-o-50-mm\/","url_meta":{"origin":7369,"position":2},"title":"St\u00e5l r\u00f8r med en diameter p\u00e5 \u00d8 50 mm","author":"ovidiusmarketingbv","date":"august 22, 2024","format":false,"excerpt":"Stalen buis met een diameter van \u00d8 50 mm Hoogwaardige Stalen Buizen voor Uw Projecten Bij SSP Steel begrijpen we dat elk project unieke eisen stelt. Daarom bieden wij stalen buizen met een diameter van \u00d8 50 mm die voldoen aan de hoogste kwaliteitsnormen en perfect aansluiten bij uw specifieke\u2026","rel":"","context":"Liknende innlegg","block_context":{"text":"Liknende innlegg","link":""},"img":{"alt_text":"","src":"","width":0,"height":0},"classes":[]},{"id":7353,"url":"https:\/\/sspsteel.eu\/nb\/stalen-buis-met-een-diameter-van-o-130-mm\/","url_meta":{"origin":7369,"position":3},"title":"St\u00e5l r\u00f8r med en diameter p\u00e5 \u00d8 130 mm","author":"ovidiusmarketingbv","date":"august 22, 2024","format":false,"excerpt":"Stalen buis met een diameter van \u00d8 130 mm Hoogwaardige Stalen Buizen voor Uw Projecten Bij SSP Steel begrijpen we dat elk project unieke eisen stelt. Daarom bieden wij stalen buizen met een diameter van \u00d8 130 mm die voldoen aan de hoogste kwaliteitsnormen en perfect zijn voor diverse toepassingen\u2026","rel":"","context":"Liknende innlegg","block_context":{"text":"Liknende innlegg","link":""},"img":{"alt_text":"","src":"","width":0,"height":0},"classes":[]},{"id":7355,"url":"https:\/\/sspsteel.eu\/nb\/stalen-buis-met-een-diameter-van-o-140-mm\/","url_meta":{"origin":7369,"position":4},"title":"St\u00e5l r\u00f8r med en diameter p\u00e5 \u00d8 140 mm","author":"ovidiusmarketingbv","date":"august 22, 2024","format":false,"excerpt":"Stalen buis met een diameter van \u00d8 140 mm Hoogwaardige Stalen Buizen voor Uw Projecten Bij SSP Steel begrijpen we dat elk project unieke eisen stelt. Daarom bieden wij stalen buizen met een diameter van \u00d8 140 mm die voldoen aan de hoogste kwaliteitsnormen en perfect aansluiten bij uw specifieke\u2026","rel":"","context":"Liknende innlegg","block_context":{"text":"Liknende innlegg","link":""},"img":{"alt_text":"","src":"","width":0,"height":0},"classes":[]},{"id":7335,"url":"https:\/\/sspsteel.eu\/nb\/stalen-buis-met-een-diameter-van-o-65-mm\/","url_meta":{"origin":7369,"position":5},"title":"St\u00e5l r\u00f8r med en diameter p\u00e5 \u00d8 65 mm","author":"ovidiusmarketingbv","date":"august 22, 2024","format":false,"excerpt":"Stalen buis met een diameter van \u00d8 65 mm Ontdek de Kracht en Veelzijdigheid van Onze Stalen Buizen Bij SSP Steel begrijpen we dat elk project unieke eisen stelt. Daarom bieden wij stalen buizen met een diameter van \u00d8 65 mm die voldoen aan de hoogste kwaliteitsnormen en perfect zijn\u2026","rel":"","context":"Liknende innlegg","block_context":{"text":"Liknende innlegg","link":""},"img":{"alt_text":"","src":"","width":0,"height":0},"classes":[]}],"_links":{"self":[{"href":"https:\/\/sspsteel.eu\/nb\/wp-json\/wp\/v2\/pages\/7369","targetHints":{"allow":["GET"]}}],"collection":[{"href":"https:\/\/sspsteel.eu\/nb\/wp-json\/wp\/v2\/pages"}],"about":[{"href":"https:\/\/sspsteel.eu\/nb\/wp-json\/wp\/v2\/types\/page"}],"author":[{"embeddable":true,"href":"https:\/\/sspsteel.eu\/nb\/wp-json\/wp\/v2\/users\/234943284"}],"replies":[{"embeddable":true,"href":"https:\/\/sspsteel.eu\/nb\/wp-json\/wp\/v2\/comments?post=7369"}],"version-history":[{"count":8,"href":"https:\/\/sspsteel.eu\/nb\/wp-json\/wp\/v2\/pages\/7369\/revisions"}],"predecessor-version":[{"id":7505,"href":"https:\/\/sspsteel.eu\/nb\/wp-json\/wp\/v2\/pages\/7369\/revisions\/7505"}],"wp:attachment":[{"href":"https:\/\/sspsteel.eu\/nb\/wp-json\/wp\/v2\/media?parent=7369"}],"curies":[{"name":"wp","href":"https:\/\/api.w.org\/{rel}","templated":true}]}}