{"id":2,"date":"2023-09-06T20:15:00","date_gmt":"2023-09-06T18:15:00","guid":{"rendered":"https:\/\/sspsteel.eu\/about-2\/"},"modified":"2023-09-09T17:34:30","modified_gmt":"2023-09-09T15:34:30","slug":"wat-we-doen","status":"publish","type":"page","link":"https:\/\/sspsteel.eu\/nb\/wat-we-doen\/","title":{"rendered":"Wat We Doen"},"content":{"rendered":"<p>This is an example of a page. Unlike posts, which are displayed on your blog\u2019s front page in the order they\u2019re published, pages are better suited for more timeless content that you want to be easily accessible, like your <a href=\"https:\/\/sspsteel.eu\/nb\/contact\/\">About or Contact information<\/a>. Click the Edit link to make changes to this page or <a title=\"Direct link to Add New Page in your Dashboard\" href=\"\/nb\/%s\/\">add another page<\/a>.<\/p>","protected":false},"excerpt":{"rendered":"<p>This is an example of a page. Unlike posts, which are displayed on your blog\u2019s front page in the order they\u2019re published, pages are better suited for more timeless content that you want to be easily accessible, like your About or Contact information. Click the Edit link to make changes to this page or add [&hellip;]<\/p>\n","protected":false},"author":234943284,"featured_media":0,"parent":0,"menu_order":0,"comment_status":"closed","ping_status":"closed","template":"elementor_canvas","meta":{"_crdt_document":"","rank_math_title":"SSP Staalservices - Deskundige staaloplossingen","rank_math_description":"","rank_math_focus_keyword":"","rank_math_robots":null,"footnotes":""},"class_list":["post-2","page","type-page","status-publish","hentry"],"jetpack_likes_enabled":null,"jetpack_sharing_enabled":false,"jetpack_shortlink":"https:\/\/wp.me\/Pf6ANV-2","jetpack-related-posts":[{"id":927,"url":"https:\/\/sspsteel.eu\/nb\/elementor-927\/","url_meta":{"origin":2,"position":0},"title":"Blogging","author":"ovidiusmarketingbv","date":"oktober 3, 2023","format":false,"excerpt":"Blogg sjekk ut v\u00e5re informative artikler for \u00e5 hjelpe deg med \u00e5 gj\u00f8re dine valg. Hallo, Verden! Velkommen til WordPress! Dette er ditt f\u00f8rste innlegg. Rediger eller slett det \u00e5 ta det f\u00f8rste skrittet i blogging din reise. Abonner p\u00e5 v\u00e5rt nyhetsbrev","rel":"","context":"Liknende innlegg","block_context":{"text":"Liknende innlegg","link":""},"img":{"alt_text":"","src":"","width":0,"height":0},"classes":[]},{"id":33,"url":"https:\/\/sspsteel.eu\/nb\/maatwerk\/","url_meta":{"origin":2,"position":1},"title":"Tilpasning","author":"ovidiusmarketingbv","date":"september 9, 2023","format":false,"excerpt":"Maatwerk bij SSP Steel De perfecte buis voor uw project wordt op maat gemaakt bij SSP Steel. Lees Meer Lassen Do you know how to add image box in Wordpress website with elementary. Download Elementskit. Lees Meer Conserveren Do you know how to add image box in Wordpress website with\u2026","rel":"","context":"Liknende innlegg","block_context":{"text":"Liknende innlegg","link":""},"img":{"alt_text":"","src":"https:\/\/i0.wp.com\/sspsteel.eu\/wp-content\/uploads\/2024\/02\/Lassen-SSP-500x500-1.png?resize=350%2C200&ssl=1","width":350,"height":200},"classes":[]},{"id":7343,"url":"https:\/\/sspsteel.eu\/nb\/stalen-buis-met-een-diameter-van-o-90-mm\/","url_meta":{"origin":2,"position":2},"title":"St\u00e5l r\u00f8r med en diameter p\u00e5 \u00d8 90 mm","author":"ovidiusmarketingbv","date":"august 22, 2024","format":false,"excerpt":"Stalen buis met een diameter van \u00d8 90 mm Hoogwaardige Stalen Buizen voor Uw Projecten Bij SSP Steel begrijpen we dat elk project unieke eisen stelt. Daarom bieden wij stalen buizen met een diameter van \u00d8 90 mm die voldoen aan de hoogste kwaliteitsnormen en perfect zijn voor diverse toepassingen.\u2026","rel":"","context":"Liknende innlegg","block_context":{"text":"Liknende innlegg","link":""},"img":{"alt_text":"","src":"","width":0,"height":0},"classes":[]},{"id":7958,"url":"https:\/\/sspsteel.eu\/nb\/gasbuizen\/","url_meta":{"origin":2,"position":3},"title":"Gasbuizen","author":"OvidiusAPI","date":"november 4, 2024","format":false,"excerpt":"Gasbuizen: Veiligheid en Effici\u00ebntie in Gasdistributie Wat zijn gasbuizen? Gasbuizen zijn essentieel voor de veilige en effici\u00ebnte distributie van gas in zowel residenti\u00eble als industri\u00eble toepassingen. Bij SSP Steel begrijpen we het belang van hoogwaardige gasbuizen die voldoen aan de strengste normen en eisen. Met meer dan 25 jaar ervaring\u2026","rel":"","context":"Liknende innlegg","block_context":{"text":"Liknende innlegg","link":""},"img":{"alt_text":"","src":"","width":0,"height":0},"classes":[]},{"id":7359,"url":"https:\/\/sspsteel.eu\/nb\/stalen-buis-met-een-diameter-van-o-160-mm\/","url_meta":{"origin":2,"position":4},"title":"St\u00e5l r\u00f8r med en diameter p\u00e5 \u00d8 160 mm","author":"ovidiusmarketingbv","date":"august 22, 2024","format":false,"excerpt":"Stalen buis met een diameter van \u00d8 160 mm Hoogwaardige Stalen Buizen voor Uw Projecten Bij SSP Steel begrijpen we dat elk project unieke eisen stelt. Daarom bieden wij stalen buizen met een diameter van \u00d8 160 mm die voldoen aan de hoogste kwaliteitsnormen en perfect aansluiten bij uw specifieke\u2026","rel":"","context":"Liknende innlegg","block_context":{"text":"Liknende innlegg","link":""},"img":{"alt_text":"","src":"","width":0,"height":0},"classes":[]},{"id":7926,"url":"https:\/\/sspsteel.eu\/nb\/thin-walled-box-sections\/","url_meta":{"origin":2,"position":5},"title":"Thin-walled box sections","author":"OvidiusAPI","date":"november 4, 2024","format":false,"excerpt":"Dunwandige Kokers van SSP Steel: Kwaliteit en Precisie voor Uw Projecten Dunwandige Kokers van SSP Steel: Kwaliteit en Precisie voor Uw Projecten Wat zijn Dunwandige Kokers? Dunwandige kokers zijn stalen buizen met een relatief dunne wanddikte, die veelvuldig worden gebruikt in diverse constructieve en industri\u00eble toepassingen. Deze kokers zijn verkrijgbaar\u2026","rel":"","context":"Liknende innlegg","block_context":{"text":"Liknende innlegg","link":""},"img":{"alt_text":"","src":"","width":0,"height":0},"classes":[]}],"_links":{"self":[{"href":"https:\/\/sspsteel.eu\/nb\/wp-json\/wp\/v2\/pages\/2","targetHints":{"allow":["GET"]}}],"collection":[{"href":"https:\/\/sspsteel.eu\/nb\/wp-json\/wp\/v2\/pages"}],"about":[{"href":"https:\/\/sspsteel.eu\/nb\/wp-json\/wp\/v2\/types\/page"}],"author":[{"embeddable":true,"href":"https:\/\/sspsteel.eu\/nb\/wp-json\/wp\/v2\/users\/234943284"}],"replies":[{"embeddable":true,"href":"https:\/\/sspsteel.eu\/nb\/wp-json\/wp\/v2\/comments?post=2"}],"version-history":[{"count":2,"href":"https:\/\/sspsteel.eu\/nb\/wp-json\/wp\/v2\/pages\/2\/revisions"}],"predecessor-version":[{"id":38,"href":"https:\/\/sspsteel.eu\/nb\/wp-json\/wp\/v2\/pages\/2\/revisions\/38"}],"wp:attachment":[{"href":"https:\/\/sspsteel.eu\/nb\/wp-json\/wp\/v2\/media?parent=2"}],"curies":[{"name":"wp","href":"https:\/\/api.w.org\/{rel}","templated":true}]}}