{"id":2342,"date":"2024-04-05T11:23:13","date_gmt":"2024-04-05T09:23:13","guid":{"rendered":"https:\/\/sspsteel.eu\/?page_id=2342"},"modified":"2024-04-05T11:46:01","modified_gmt":"2024-04-05T09:46:01","slug":"privacy-verklaring","status":"publish","type":"page","link":"https:\/\/sspsteel.eu\/fr\/privacy-verklaring\/","title":{"rendered":"D\u00e9claration De Confidentialit\u00e9"},"content":{"rendered":"\t\t<div data-elementor-type=\"wp-page\" data-elementor-id=\"2342\" class=\"elementor elementor-2342\" data-elementor-settings=\"{&quot;ha_cmc_init_switcher&quot;:&quot;no&quot;}\" data-elementor-post-type=\"page\">\n\t\t\t\t<div class=\"elementor-element elementor-element-20de3362 e-flex e-con-boxed e-con e-parent\" data-id=\"20de3362\" data-element_type=\"container\" data-e-type=\"container\" data-settings=\"{&quot;_ha_eqh_enable&quot;:false}\">\n\t\t\t\t\t<div class=\"e-con-inner\">\n\t\t\t\t<div class=\"elementor-element elementor-element-3b9d4c3c elementor-widget elementor-widget-text-editor\" data-id=\"3b9d4c3c\" data-element_type=\"widget\" data-e-type=\"widget\" data-widget_type=\"text-editor.default\">\n\t\t\t\t<div class=\"elementor-widget-container\">\n\t\t\t\t\t\t\t\t\t<h2>Privacyverklaring van Steenbergen Steel Products B.V.<\/h2>\n<p>Laatste update: [05-04-24]<\/p>\n<p>Bij Steenbergen Steel Products B.V. Bij SSP, zijn we toegewijd aan het beschermen van de privacy en veiligheid van de persoonsgegevens die wij verzamelen van onze klanten, leveranciers en partners. Deze privacyverklaring beschrijft hoe wij persoonsgegevens verzamelen, gebruiken, delen en beschermen in verband met de verkoop van metalen buizen en gerelateerde diensten.<\/p>\n<h3>Welke gegevens verzamelen we?<\/h3>\n<p><strong>Contactgegevens<\/strong>: We verzamelen contactgegevens zoals naam, adres, telefoonnummer en e-mailadres <a href=\"https:\/\/sspsteel.eu\/fr\/contact\/\">wanneer u contact met ons<\/a> opneemt, een offerte aanvraagt of een product bij ons koopt.<\/p>\n<p><strong>Websitegebruik:<\/strong> We verzamelen informatie over hoe u onze website gebruikt, via cookies en vergelijkbare technologie\u00ebn, <a href=\"https:\/\/sspsteel.eu\/fr\/wat-we-doen\/\">om onze diensten te verbeteren<\/a>.<\/p>\n<h3>Hoe gebruiken we uw gegevens?<\/h3>\n<p>Uw persoonsgegevens worden gebruikt om:<\/p>\n<ol>\n<li>Uw aanvragen en bestellingen te verwerken en onze diensten te leveren.<\/li>\n<li>Onze producten en diensten te verbeteren.<br>Te voldoen aan wettelijke verplichtingen.<\/li>\n<li>Communicatie met u te onderhouden over onze producten, diensten en aanbiedingen, indien u daarvoor toestemming heeft gegeven.<\/li>\n<\/ol>\n<h3>Met wie delen we uw gegevens?<\/h3>\n<p>We delen uw persoonsgegevens alleen met derden indien dit noodzakelijk is voor de uitvoering van een overeenkomst, op basis van uw toestemming, of om te voldoen aan een wettelijke verplichting. Derde partijen kunnen zijn: betaaldiensten, leveranciers en transportpartners.<\/p>\n<h3>Hoe beschermen we uw gegevens?<\/h3>\n<p>We nemen passende technische en organisatorische maatregelen om uw persoonsgegevens te beschermen tegen ongeoorloofde toegang, verlies of vernietiging.<\/p>\n<h3>Uw rechten<\/h3>\n<p>U heeft het recht om uw persoonsgegevens in te zien, te corrigeren of te verwijderen. Ook kunt u bezwaar maken tegen de verwerking van uw gegevens of om beperking van de verwerking vragen.<\/p>\n<p>Neem contact met ons op via als u gebruik wilt maken van uw rechten.<\/p>\n<p><\/p>\n<h3>Contact<\/h3>\n<p>Voor vragen over deze privacyverklaring of over de verwerking van uw persoonsgegevens kunt u <a href=\"https:\/\/sspsteel.eu\/contact\/\">contact<\/a> met ons opnemen<\/p>\n<p>Steenbergen Steel Products B.V.<\/p>\n<p>[Adres]<br>[Telefoonnummer]<br>[E-mailadres]<\/p>\t\t\t\t\t\t\t\t<\/div>\n\t\t\t\t<\/div>\n\t\t\t\t\t<\/div>\n\t\t\t\t<\/div>\n\t\t\t\t<\/div>\n\t\t","protected":false},"excerpt":{"rendered":"<p>Privacyverklaring van Steenbergen Steel Products B.V. Laatste update: [05-04-24] Bij Steenbergen Steel Products B.V. Bij SSP, zijn we toegewijd aan het beschermen van de privacy en veiligheid van de persoonsgegevens die wij verzamelen van onze klanten, leveranciers en partners. Deze privacyverklaring beschrijft hoe wij persoonsgegevens verzamelen, gebruiken, delen en beschermen in verband met de verkoop [&hellip;]<\/p>\n","protected":false},"author":234943284,"featured_media":0,"parent":0,"menu_order":0,"comment_status":"closed","ping_status":"closed","template":"","meta":{"_crdt_document":"","jetpack_post_was_ever_published":false,"rank_math_title":"","rank_math_description":"","rank_math_focus_keyword":"","rank_math_robots":"","footnotes":""},"class_list":["post-2342","page","type-page","status-publish","hentry"],"jetpack_likes_enabled":true,"jetpack_sharing_enabled":true,"jetpack_shortlink":"https:\/\/wp.me\/Pf6ANV-BM","jetpack-related-posts":[{"id":97,"url":"https:\/\/sspsteel.eu\/fr\/wie-we-zijn\/algemene-voorwaarden\/","url_meta":{"origin":2342,"position":0},"title":"Termes Et Conditions","author":"ovidiusmarketingbv","date":"septembre 9, 2023","format":false,"excerpt":"ALGEMENE VOORWAARDEN 1.\u00a0 STEENBERGEN\u00a0 STEEL PRODUCTS B.V.\u00a0 Deze algemene voorwaarden zijn van toepassing op alle aan\u00a0biedingen, offertes, overeenkomsten en leveringen van Steenbergen Steel Products, tenzij de algemene voorwaarden geheel of\u00a0\u00a0 \u00a0 \u00a0 1 Steenbergen Steel Products B.V. is een besloten vennootschap naar Nederlands recht, gevestigd te (7908 VE) Hoogeveen aan\u2026","rel":"","context":"Article similaire","block_context":{"text":"Article similaire","link":""},"img":{"alt_text":"","src":"","width":0,"height":0},"classes":[]},{"id":93,"url":"https:\/\/sspsteel.eu\/fr\/wie-we-zijn\/","url_meta":{"origin":2342,"position":1},"title":"Qui Nous Sommes","author":"ovidiusmarketingbv","date":"septembre 9, 2023","format":false,"excerpt":"SSP STEEL Wie We Zijn Meer dan staal. Bekijk Onze Blog Gestroomlijnd Proces Ons proces is opgesteld om uw project op een simpele, maar effeci\u00ebnte manier aan te pakken. Een proces dat werkt. Ons Proces Team Ons Team van 20+ experts staan altijd klaar voor nieuwe uitdagingen. Alles is mogelijk\u2026","rel":"","context":"Article similaire","block_context":{"text":"Article similaire","link":""},"img":{"alt_text":"","src":"https:\/\/i0.wp.com\/sspsteel.eu\/wp-content\/uploads\/2023\/11\/9.png?resize=350%2C200&ssl=1","width":350,"height":200},"classes":[]},{"id":7905,"url":"https:\/\/sspsteel.eu\/fr\/steel-mooring-poles\/","url_meta":{"origin":2342,"position":2},"title":"Steel mooring poles","author":"OvidiusAPI","date":"octobre 29, 2024","format":false,"excerpt":"Stalen Meerpalen: Duurzame en Sterke Oplossingen voor Uw Maritieme Behoeften Wat zijn Stalen Meerpalen? Stalen meerpalen zijn cilindervormige constructies gemaakt van hoogwaardig staal, ontworpen om schepen en boten veilig aan te meren. Deze palen worden diep in de grond geplaatst en zijn essentieel in havens, jachthavens, rivieren en kanalen. Dankzij\u2026","rel":"","context":"Article similaire","block_context":{"text":"Article similaire","link":""},"img":{"alt_text":"","src":"","width":0,"height":0},"classes":[]},{"id":7925,"url":"https:\/\/sspsteel.eu\/fr\/welded-steel-pipes-2\/","url_meta":{"origin":2342,"position":3},"title":"Welded Steel Pipes","author":"OvidiusAPI","date":"novembre 4, 2024","format":false,"excerpt":"Gelaste Stalen Buizen van SSP Steel Wat zijn Gelaste Stalen Buizen? Gelaste stalen buizen zijn een essentieel onderdeel in verschillende industri\u00eble en constructietoepassingen. Deze buizen worden vervaardigd door het samenvoegen van stalen platen of strips door middel van lassen, wat resulteert in een sterke en duurzame buis. Bij SSP Steel\u2026","rel":"","context":"Article similaire","block_context":{"text":"Article similaire","link":""},"img":{"alt_text":"","src":"","width":0,"height":0},"classes":[]},{"id":7946,"url":"https:\/\/sspsteel.eu\/fr\/square-pipes\/","url_meta":{"origin":2342,"position":4},"title":"Square pipes","author":"OvidiusAPI","date":"novembre 4, 2024","format":false,"excerpt":"Vierkante Buizen van SSP Steel: Kwaliteit en Maatwerk voor Uw Projecten Vierkante Buizen van SSP Steel: Kwaliteit en Maatwerk voor Uw Projecten Wat zijn Vierkante Buizen? Vierkante buizen zijn veelzijdige bouwmaterialen die in verschillende industrie\u00ebn worden gebruikt, zoals de bouw, landbouw, en meubelproductie. Bij SSP Steel bieden we een breed\u2026","rel":"","context":"Article similaire","block_context":{"text":"Article similaire","link":""},"img":{"alt_text":"","src":"","width":0,"height":0},"classes":[]},{"id":7297,"url":"https:\/\/sspsteel.eu\/fr\/stalen-buis-met-een-diameter-van-o-30-mm\/","url_meta":{"origin":2342,"position":5},"title":"Tube en acier avec un diam\u00e8tre de \u00d8 30 mm","author":"ovidiusmarketingbv","date":"ao\u00fbt 22, 2024","format":false,"excerpt":"Stalen buis met een diameter van \u00d8 30 mm Hoogwaardige Stalen Buizen voor Uw Projecten Bij SSP Steel begrijpen we dat elk project unieke eisen stelt. Daarom bieden wij stalen buizen met een diameter van \u00d8 30 mm die voldoen aan de hoogste kwaliteitsnormen en perfect zijn voor diverse toepassingen\u2026","rel":"","context":"Article similaire","block_context":{"text":"Article similaire","link":""},"img":{"alt_text":"","src":"","width":0,"height":0},"classes":[]}],"_links":{"self":[{"href":"https:\/\/sspsteel.eu\/fr\/wp-json\/wp\/v2\/pages\/2342","targetHints":{"allow":["GET"]}}],"collection":[{"href":"https:\/\/sspsteel.eu\/fr\/wp-json\/wp\/v2\/pages"}],"about":[{"href":"https:\/\/sspsteel.eu\/fr\/wp-json\/wp\/v2\/types\/page"}],"author":[{"embeddable":true,"href":"https:\/\/sspsteel.eu\/fr\/wp-json\/wp\/v2\/users\/234943284"}],"replies":[{"embeddable":true,"href":"https:\/\/sspsteel.eu\/fr\/wp-json\/wp\/v2\/comments?post=2342"}],"version-history":[{"count":31,"href":"https:\/\/sspsteel.eu\/fr\/wp-json\/wp\/v2\/pages\/2342\/revisions"}],"predecessor-version":[{"id":2375,"href":"https:\/\/sspsteel.eu\/fr\/wp-json\/wp\/v2\/pages\/2342\/revisions\/2375"}],"wp:attachment":[{"href":"https:\/\/sspsteel.eu\/fr\/wp-json\/wp\/v2\/media?parent=2342"}],"curies":[{"name":"wp","href":"https:\/\/api.w.org\/{rel}","templated":true}]}}