{"id":927,"date":"2023-10-03T09:25:17","date_gmt":"2023-10-03T07:25:17","guid":{"rendered":"https:\/\/sspsteel.eu\/?page_id=927"},"modified":"2023-11-09T15:36:01","modified_gmt":"2023-11-09T14:36:01","slug":"elementor-927","status":"publish","type":"page","link":"https:\/\/sspsteel.eu\/fi\/elementor-927\/","title":{"rendered":"Bloggaaminen"},"content":{"rendered":"\t\t<div data-elementor-type=\"wp-page\" data-elementor-id=\"927\" class=\"elementor elementor-927\" data-elementor-settings=\"{&quot;ha_cmc_init_switcher&quot;:&quot;no&quot;}\" data-elementor-post-type=\"page\">\n\t\t\t\t<div class=\"elementor-element elementor-element-143a414c e-flex e-con-boxed e-con e-parent\" data-id=\"143a414c\" data-element_type=\"container\" data-e-type=\"container\" data-settings=\"{&quot;background_background&quot;:&quot;classic&quot;,&quot;shape_divider_bottom&quot;:&quot;mountains&quot;,&quot;_ha_eqh_enable&quot;:false}\">\n\t\t\t\t\t<div class=\"e-con-inner\">\n\t\t\t\t<div class=\"elementor-shape elementor-shape-bottom\" aria-hidden=\"true\" data-negative=\"false\">\n\t\t\t<svg xmlns=\"http:\/\/www.w3.org\/2000\/svg\" viewBox=\"0 0 1000 100\" preserveAspectRatio=\"none\">\n\t<path class=\"elementor-shape-fill\" opacity=\"0.33\" d=\"M473,67.3c-203.9,88.3-263.1-34-320.3,0C66,119.1,0,59.7,0,59.7V0h1000v59.7 c0,0-62.1,26.1-94.9,29.3c-32.8,3.3-62.8-12.3-75.8-22.1C806,49.6,745.3,8.7,694.9,4.7S492.4,59,473,67.3z\"\/>\n\t<path class=\"elementor-shape-fill\" opacity=\"0.66\" d=\"M734,67.3c-45.5,0-77.2-23.2-129.1-39.1c-28.6-8.7-150.3-10.1-254,39.1 s-91.7-34.4-149.2,0C115.7,118.3,0,39.8,0,39.8V0h1000v36.5c0,0-28.2-18.5-92.1-18.5C810.2,18.1,775.7,67.3,734,67.3z\"\/>\n\t<path class=\"elementor-shape-fill\" d=\"M766.1,28.9c-200-57.5-266,65.5-395.1,19.5C242,1.8,242,5.4,184.8,20.6C128,35.8,132.3,44.9,89.9,52.5C28.6,63.7,0,0,0,0 h1000c0,0-9.9,40.9-83.6,48.1S829.6,47,766.1,28.9z\"\/>\n<\/svg>\t\t<\/div>\n\t\t<div class=\"elementor-element elementor-element-2ffcb88c e-flex e-con-boxed e-con e-child\" data-id=\"2ffcb88c\" data-element_type=\"container\" data-e-type=\"container\" data-settings=\"{&quot;background_background&quot;:&quot;classic&quot;,&quot;_ha_eqh_enable&quot;:false}\">\n\t\t\t\t\t<div class=\"e-con-inner\">\n\t\t\t\t<div class=\"elementor-element elementor-element-26597e9 elementor-widget elementor-widget-heading\" data-id=\"26597e9\" data-element_type=\"widget\" data-e-type=\"widget\" data-widget_type=\"heading.default\">\n\t\t\t\t<div class=\"elementor-widget-container\">\n\t\t\t\t\t<h1 class=\"elementor-heading-title elementor-size-default\">Blog<\/h1>\t\t\t\t<\/div>\n\t\t\t\t<\/div>\n\t\t\t\t<div class=\"elementor-element elementor-element-4b199543 elementor-widget__width-inherit elementor-widget elementor-widget-text-editor\" data-id=\"4b199543\" data-element_type=\"widget\" data-e-type=\"widget\" data-widget_type=\"text-editor.default\">\n\t\t\t\t<div class=\"elementor-widget-container\">\n\t\t\t\t\t\t\t\t\t<p>Bekijk onze informatieve artikelen die u helpen bij uw keuze.<\/p>\t\t\t\t\t\t\t\t<\/div>\n\t\t\t\t<\/div>\n\t\t\t\t\t<\/div>\n\t\t\t\t<\/div>\n\t\t\t\t\t<\/div>\n\t\t\t\t<\/div>\n\t\t<div class=\"elementor-element elementor-element-697d4453 e-flex e-con-boxed e-con e-parent\" data-id=\"697d4453\" data-element_type=\"container\" data-e-type=\"container\" data-settings=\"{&quot;_ha_eqh_enable&quot;:false}\">\n\t\t\t\t\t<div class=\"e-con-inner\">\n\t\t\t\t<div class=\"elementor-element elementor-element-cfa066c elementor-widget elementor-widget-elementskit-blog-posts\" data-id=\"cfa066c\" data-element_type=\"widget\" data-e-type=\"widget\" data-widget_type=\"elementskit-blog-posts.default\">\n\t\t\t\t<div class=\"elementor-widget-container\">\n\t\t\t\t\t<div class=\"ekit-wid-con\" >        <div id=\"post-items--cfa066c\" class=\"row post-items\">\n                <\/div>\n       <\/div>\t\t\t\t<\/div>\n\t\t\t\t<\/div>\n\t\t\t\t\t<\/div>\n\t\t\t\t<\/div>\n\t\t<div class=\"elementor-element elementor-element-50b71c00 e-flex e-con-boxed e-con e-parent\" data-id=\"50b71c00\" data-element_type=\"container\" data-e-type=\"container\" data-settings=\"{&quot;background_background&quot;:&quot;classic&quot;,&quot;_ha_eqh_enable&quot;:false}\">\n\t\t\t\t\t<div class=\"e-con-inner\">\n\t\t<div class=\"elementor-element elementor-element-3a27fb45 e-flex e-con-boxed e-con e-child\" data-id=\"3a27fb45\" data-element_type=\"container\" data-e-type=\"container\" data-settings=\"{&quot;background_background&quot;:&quot;classic&quot;,&quot;_ha_eqh_enable&quot;:false}\">\n\t\t\t\t\t<div class=\"e-con-inner\">\n\t\t\t\t<div class=\"elementor-element elementor-element-6b9d96fd elementor-widget elementor-widget-heading\" data-id=\"6b9d96fd\" data-element_type=\"widget\" data-e-type=\"widget\" data-widget_type=\"heading.default\">\n\t\t\t\t<div class=\"elementor-widget-container\">\n\t\t\t\t\t<h2 class=\"elementor-heading-title elementor-size-default\">Schrijf u in bij onze nieuwsbrief<\/h2>\t\t\t\t<\/div>\n\t\t\t\t<\/div>\n\t\t\t\t<div class=\"elementor-element elementor-element-6754113d elementor-button-align-stretch elementor-widget elementor-widget-form\" data-id=\"6754113d\" data-element_type=\"widget\" data-e-type=\"widget\" data-settings=\"{&quot;step_next_label&quot;:&quot;Next&quot;,&quot;step_previous_label&quot;:&quot;Previous&quot;,&quot;button_width&quot;:&quot;40&quot;,&quot;button_width_tablet&quot;:&quot;40&quot;,&quot;step_type&quot;:&quot;number_text&quot;,&quot;step_icon_shape&quot;:&quot;circle&quot;}\" data-widget_type=\"form.default\">\n\t\t\t\t<div class=\"elementor-widget-container\">\n\t\t\t\t\t\t\t<form class=\"elementor-form\" method=\"post\" name=\"Email Inschrijving - Blog\" aria-label=\"Email Inschrijving - Blog\">\n\t\t\t<input type=\"hidden\" name=\"post_id\" value=\"927\"\/>\n\t\t\t<input type=\"hidden\" name=\"form_id\" value=\"6754113d\"\/>\n\t\t\t<input type=\"hidden\" name=\"referer_title\" value=\"\" \/>\n\n\t\t\t\n\t\t\t<div class=\"elementor-form-fields-wrapper elementor-labels-\">\n\t\t\t\t\t\t\t\t<div class=\"elementor-field-type-email elementor-field-group elementor-column elementor-field-group-email elementor-col-60 elementor-md-60 elementor-field-required\">\n\t\t\t\t\t\t\t\t\t\t\t\t<label for=\"form-field-email\" class=\"elementor-field-label elementor-screen-only\">\n\t\t\t\t\t\t\t\tEmail\t\t\t\t\t\t\t<\/label>\n\t\t\t\t\t\t\t\t\t\t\t\t\t\t<input size=\"1\" type=\"email\" name=\"form_fields[email]\" id=\"form-field-email\" class=\"elementor-field elementor-size-md  elementor-field-textual\" placeholder=\"Email\" required=\"required\">\n\t\t\t\t\t\t\t\t\t\t\t<\/div>\n\t\t\t\t\t\t\t\t<div class=\"elementor-field-group elementor-column elementor-field-type-submit elementor-col-40 e-form__buttons elementor-md-40\">\n\t\t\t\t\t<button class=\"elementor-button elementor-size-md\" type=\"submit\">\n\t\t\t\t\t\t<span class=\"elementor-button-content-wrapper\">\n\t\t\t\t\t\t\t\t\t\t\t\t\t\t\t\t\t\t\t\t\t\t<span class=\"elementor-button-text\">Inschrijven<\/span>\n\t\t\t\t\t\t\t\t\t\t\t\t\t<\/span>\n\t\t\t\t\t<\/button>\n\t\t\t\t<\/div>\n\t\t\t<\/div>\n\t\t<\/form>\n\t\t\t\t\t\t<\/div>\n\t\t\t\t<\/div>\n\t\t\t\t\t<\/div>\n\t\t\t\t<\/div>\n\t\t\t\t\t<\/div>\n\t\t\t\t<\/div>\n\t\t\t\t<\/div>\n\t\t","protected":false},"excerpt":{"rendered":"<p>Blog Bekijk onze informatieve artikelen die u helpen bij uw keuze. Hello World! Welcome to WordPress! This is your first post. Edit or delete it to take the first step in your blogging journey. Schrijf u in bij onze nieuwsbrief<\/p>","protected":false},"author":234943284,"featured_media":0,"parent":0,"menu_order":0,"comment_status":"closed","ping_status":"closed","template":"","meta":{"_crdt_document":"","rank_math_title":"","rank_math_description":"","rank_math_focus_keyword":"","rank_math_robots":null,"footnotes":""},"class_list":["post-927","page","type-page","status-publish","hentry"],"jetpack_likes_enabled":true,"jetpack_sharing_enabled":true,"jetpack_shortlink":"https:\/\/wp.me\/Pf6ANV-eX","jetpack-related-posts":[{"id":2,"url":"https:\/\/sspsteel.eu\/fi\/wat-we-doen\/","url_meta":{"origin":927,"position":0},"title":"Mit\u00e4 Me Teemme","author":"ovidiusmarketingbv","date":"6 syyskuun, 2023","format":false,"excerpt":"This is an example of a page. Unlike posts, which are displayed on your blog\u2019s front page in the order they\u2019re published, pages are better suited for more timeless content that you want to be easily accessible, like your About or Contact information. Click the Edit link to make changes\u2026","rel":"","context":"Samankaltainen artikkeli","block_context":{"text":"Samankaltainen artikkeli","link":""},"img":{"alt_text":"","src":"","width":0,"height":0},"classes":[]},{"id":33,"url":"https:\/\/sspsteel.eu\/fi\/maatwerk\/","url_meta":{"origin":927,"position":1},"title":"R\u00e4\u00e4t\u00e4l\u00f6innin","author":"ovidiusmarketingbv","date":"9 syyskuun, 2023","format":false,"excerpt":"Maatwerk bij SSP Steel De perfecte buis voor uw project wordt op maat gemaakt bij SSP Steel. Lees Meer Lassen Do you know how to add image box in Wordpress website with elementary. Download Elementskit. Lees Meer Conserveren Do you know how to add image box in Wordpress website with\u2026","rel":"","context":"Samankaltainen artikkeli","block_context":{"text":"Samankaltainen artikkeli","link":""},"img":{"alt_text":"","src":"https:\/\/i0.wp.com\/sspsteel.eu\/wp-content\/uploads\/2024\/02\/Lassen-SSP-500x500-1.png?resize=350%2C200&ssl=1","width":350,"height":200},"classes":[]},{"id":7931,"url":"https:\/\/sspsteel.eu\/fi\/greenhouse-tubes\/","url_meta":{"origin":927,"position":2},"title":"Greenhouse tubes","author":"OvidiusAPI","date":"4 marraskuun, 2024","format":false,"excerpt":"Kasbuizen van SSP Steel: Uw Partner in Hoogwaardige Kassenbouw Kasbuizen van SSP Steel: Uw Partner in Hoogwaardige Kassenbouw Wat zijn Kasbuizen? Kasbuizen, ook wel bekend als verwarmingsbuizen voor kassen, zijn essentieel in de tuinbouwsector voor de constructie van kassen en andere structurele toepassingen. Deze stalen buizen bieden de stevigheid en\u2026","rel":"","context":"Samankaltainen artikkeli","block_context":{"text":"Samankaltainen artikkeli","link":""},"img":{"alt_text":"","src":"","width":0,"height":0},"classes":[]},{"id":7297,"url":"https:\/\/sspsteel.eu\/fi\/stalen-buis-met-een-diameter-van-o-30-mm\/","url_meta":{"origin":927,"position":3},"title":"Ter\u00e4s putki, jonka halkaisija on \u00d8 30 mm","author":"ovidiusmarketingbv","date":"22 elokuun, 2024","format":false,"excerpt":"Stalen buis met een diameter van \u00d8 30 mm Hoogwaardige Stalen Buizen voor Uw Projecten Bij SSP Steel begrijpen we dat elk project unieke eisen stelt. Daarom bieden wij stalen buizen met een diameter van \u00d8 30 mm die voldoen aan de hoogste kwaliteitsnormen en perfect zijn voor diverse toepassingen\u2026","rel":"","context":"Samankaltainen artikkeli","block_context":{"text":"Samankaltainen artikkeli","link":""},"img":{"alt_text":"","src":"","width":0,"height":0},"classes":[]},{"id":93,"url":"https:\/\/sspsteel.eu\/fi\/wie-we-zijn\/","url_meta":{"origin":927,"position":4},"title":"Keit\u00e4 Me Olemme","author":"ovidiusmarketingbv","date":"9 syyskuun, 2023","format":false,"excerpt":"SSP STEEL Wie We Zijn Meer dan staal. Bekijk Onze Blog Gestroomlijnd Proces Ons proces is opgesteld om uw project op een simpele, maar effeci\u00ebnte manier aan te pakken. Een proces dat werkt. Ons Proces Team Ons Team van 20+ experts staan altijd klaar voor nieuwe uitdagingen. Alles is mogelijk\u2026","rel":"","context":"Samankaltainen artikkeli","block_context":{"text":"Samankaltainen artikkeli","link":""},"img":{"alt_text":"","src":"https:\/\/i0.wp.com\/sspsteel.eu\/wp-content\/uploads\/2023\/11\/9.png?resize=350%2C200&ssl=1","width":350,"height":200},"classes":[]},{"id":7933,"url":"https:\/\/sspsteel.eu\/fi\/rectangular-steel-box-section\/","url_meta":{"origin":927,"position":5},"title":"Rectangular steel box section","author":"OvidiusAPI","date":"4 marraskuun, 2024","format":false,"excerpt":"Rechthoekige Koker Staal: De Perfecte Oplossing voor Uw Bouw- en Industri\u00eble Projecten Wat zijn rechthoekige kokers van staal? Rechthoekige koker staal, ook wel bekend als rechthoekige stalen buis, is een veelzijdig bouwmateriaal dat veel wordt gebruikt in de bouw en industrie. Deze stalen kokers zijn verkrijgbaar in diverse afmetingen en\u2026","rel":"","context":"Samankaltainen artikkeli","block_context":{"text":"Samankaltainen artikkeli","link":""},"img":{"alt_text":"","src":"","width":0,"height":0},"classes":[]}],"_links":{"self":[{"href":"https:\/\/sspsteel.eu\/fi\/wp-json\/wp\/v2\/pages\/927","targetHints":{"allow":["GET"]}}],"collection":[{"href":"https:\/\/sspsteel.eu\/fi\/wp-json\/wp\/v2\/pages"}],"about":[{"href":"https:\/\/sspsteel.eu\/fi\/wp-json\/wp\/v2\/types\/page"}],"author":[{"embeddable":true,"href":"https:\/\/sspsteel.eu\/fi\/wp-json\/wp\/v2\/users\/234943284"}],"replies":[{"embeddable":true,"href":"https:\/\/sspsteel.eu\/fi\/wp-json\/wp\/v2\/comments?post=927"}],"version-history":[{"count":25,"href":"https:\/\/sspsteel.eu\/fi\/wp-json\/wp\/v2\/pages\/927\/revisions"}],"predecessor-version":[{"id":1801,"href":"https:\/\/sspsteel.eu\/fi\/wp-json\/wp\/v2\/pages\/927\/revisions\/1801"}],"wp:attachment":[{"href":"https:\/\/sspsteel.eu\/fi\/wp-json\/wp\/v2\/media?parent=927"}],"curies":[{"name":"wp","href":"https:\/\/api.w.org\/{rel}","templated":true}]}}